{"id":55219,"date":"2023-02-24T15:42:08","date_gmt":"2023-02-24T15:42:08","guid":{"rendered":"https:\/\/www.verdontourisme.com\/bienvenue-sur-le-site-verdontourisme-com-2\/decouvrir-le-verdon\/decouvrir-la-destination\/mercantour-national-park\/"},"modified":"2026-04-22T13:30:09","modified_gmt":"2026-04-22T13:30:09","slug":"parc-national-du-mercantour","status":"publish","type":"page","link":"https:\/\/www.verdontourisme.com\/en\/preparer-mon-sejour\/discover-verdon\/discover-destination\/parc-national-du-mercantour\/","title":{"rendered":"Parc national du Mercantour"},"content":{"rendered":"","protected":false},"excerpt":{"rendered":"","protected":false},"author":5,"featured_media":115205,"parent":53519,"menu_order":626,"comment_status":"closed","ping_status":"closed","template":"","meta":{"_acf_changed":false,"footnotes":""},"folder":[],"class_list":["post-55219","page","type-page","status-publish","has-post-thumbnail","hentry"],"acf":[],"yoast_head":"<!-- This site is optimized with the Yoast SEO plugin v26.7 - https:\/\/yoast.com\/wordpress\/plugins\/seo\/ -->\n<title>Parc national du Mercantour - Verdon Tourisme<\/title>\n<meta name=\"description\" content=\"Parc national du Mercantour Le parc du Mercantour , parc national est situ\u00e9 dans les Alpes maritimes fran\u00e7aises et s&#039;\u00e9tend sur les d\u00e9partements des Alpes-Maritimes et des Alpes-de-Haute-Provence dans la r\u00e9gion Provence-Alpes-C\u00f4te d&#039;Azur. Il comprend une grande partie de la Vall\u00e9e de l&#039;Ubaye, la Vall\u00e9e de la Tin\u00e9e, la Vall\u00e9e du Var, la Vall\u00e9e de la V\u00e9subie et la Vall\u00e9e de la Roya.\" \/>\n<meta name=\"robots\" content=\"index, follow, max-snippet:-1, max-image-preview:large, max-video-preview:-1\" \/>\n<link rel=\"canonical\" href=\"https:\/\/www.verdontourisme.com\/en\/preparer-mon-sejour\/discover-verdon\/discover-destination\/parc-national-du-mercantour\/\" \/>\n<meta property=\"og:locale\" content=\"en_US\" \/>\n<meta property=\"og:type\" content=\"article\" \/>\n<meta property=\"og:title\" content=\"Parc national du Mercantour - Verdon Tourisme\" \/>\n<meta property=\"og:description\" content=\"Parc national du Mercantour Le parc du Mercantour , parc national est situ\u00e9 dans les Alpes maritimes fran\u00e7aises et s&#039;\u00e9tend sur les d\u00e9partements des Alpes-Maritimes et des Alpes-de-Haute-Provence dans la r\u00e9gion Provence-Alpes-C\u00f4te d&#039;Azur. Il comprend une grande partie de la Vall\u00e9e de l&#039;Ubaye, la Vall\u00e9e de la Tin\u00e9e, la Vall\u00e9e du Var, la Vall\u00e9e de la V\u00e9subie et la Vall\u00e9e de la Roya.\" \/>\n<meta property=\"og:url\" content=\"https:\/\/www.verdontourisme.com\/en\/preparer-mon-sejour\/discover-verdon\/discover-destination\/parc-national-du-mercantour\/\" \/>\n<meta property=\"og:site_name\" content=\"Verdon Tourisme\" \/>\n<meta property=\"article:publisher\" content=\"https:\/\/www.facebook.com\/verdontourisme\" \/>\n<meta property=\"article:modified_time\" content=\"2026-04-22T13:30:09+00:00\" \/>\n<meta property=\"og:image\" content=\"https:\/\/www.verdontourisme.com\/wp-content\/uploads\/2026\/04\/Parc-national-du-Mercantour-\u00a9Philippe-Murtas-1.jpg\" \/>\n\t<meta property=\"og:image:width\" content=\"2400\" \/>\n\t<meta property=\"og:image:height\" content=\"1350\" \/>\n\t<meta property=\"og:image:type\" content=\"image\/jpeg\" \/>\n<meta name=\"twitter:card\" content=\"summary_large_image\" \/>\n<script type=\"application\/ld+json\" class=\"yoast-schema-graph\">{\"@context\":\"https:\/\/schema.org\",\"@graph\":[{\"@type\":\"WebPage\",\"@id\":\"https:\/\/www.verdontourisme.com\/en\/preparer-mon-sejour\/discover-verdon\/discover-destination\/parc-national-du-mercantour\/\",\"url\":\"https:\/\/www.verdontourisme.com\/en\/preparer-mon-sejour\/discover-verdon\/discover-destination\/parc-national-du-mercantour\/\",\"name\":\"Parc national du Mercantour - Verdon Tourisme\",\"isPartOf\":{\"@id\":\"https:\/\/www.verdontourisme.com\/en\/#website\"},\"primaryImageOfPage\":{\"@id\":\"https:\/\/www.verdontourisme.com\/en\/preparer-mon-sejour\/discover-verdon\/discover-destination\/parc-national-du-mercantour\/#primaryimage\"},\"image\":{\"@id\":\"https:\/\/www.verdontourisme.com\/en\/preparer-mon-sejour\/discover-verdon\/discover-destination\/parc-national-du-mercantour\/#primaryimage\"},\"thumbnailUrl\":\"https:\/\/www.verdontourisme.com\/wp-content\/uploads\/2026\/04\/Parc-national-du-Mercantour-\u00a9Philippe-Murtas-1.jpg\",\"datePublished\":\"2023-02-24T15:42:08+00:00\",\"dateModified\":\"2026-04-22T13:30:09+00:00\",\"description\":\"Parc national du Mercantour Le parc du Mercantour , parc national est situ\u00e9 dans les Alpes maritimes fran\u00e7aises et s'\u00e9tend sur les d\u00e9partements des Alpes-Maritimes et des Alpes-de-Haute-Provence dans la r\u00e9gion Provence-Alpes-C\u00f4te d'Azur. Il comprend une grande partie de la Vall\u00e9e de l'Ubaye, la Vall\u00e9e de la Tin\u00e9e, la Vall\u00e9e du Var, la Vall\u00e9e de la V\u00e9subie et la Vall\u00e9e de la Roya.\",\"breadcrumb\":{\"@id\":\"https:\/\/www.verdontourisme.com\/en\/preparer-mon-sejour\/discover-verdon\/discover-destination\/parc-national-du-mercantour\/#breadcrumb\"},\"inLanguage\":\"en-US\",\"potentialAction\":[{\"@type\":\"ReadAction\",\"target\":[\"https:\/\/www.verdontourisme.com\/en\/preparer-mon-sejour\/discover-verdon\/discover-destination\/parc-national-du-mercantour\/\"]}]},{\"@type\":\"ImageObject\",\"inLanguage\":\"en-US\",\"@id\":\"https:\/\/www.verdontourisme.com\/en\/preparer-mon-sejour\/discover-verdon\/discover-destination\/parc-national-du-mercantour\/#primaryimage\",\"url\":\"https:\/\/www.verdontourisme.com\/wp-content\/uploads\/2026\/04\/Parc-national-du-Mercantour-\u00a9Philippe-Murtas-1.jpg\",\"contentUrl\":\"https:\/\/www.verdontourisme.com\/wp-content\/uploads\/2026\/04\/Parc-national-du-Mercantour-\u00a9Philippe-Murtas-1.jpg\",\"width\":2400,\"height\":1350,\"caption\":\"Parc national du Mercantour - \u00a9Philippe Murtas\"},{\"@type\":\"BreadcrumbList\",\"@id\":\"https:\/\/www.verdontourisme.com\/en\/preparer-mon-sejour\/discover-verdon\/discover-destination\/parc-national-du-mercantour\/#breadcrumb\",\"itemListElement\":[{\"@type\":\"ListItem\",\"position\":1,\"name\":\"Home\",\"item\":\"https:\/\/www.verdontourisme.com\/en\/\"},{\"@type\":\"ListItem\",\"position\":2,\"name\":\"Discover the Verdon\",\"item\":\"https:\/\/www.verdontourisme.com\/en\/bienvenue-sur-le-site-verdontourisme-com-2\/discover-verdon\/\"},{\"@type\":\"ListItem\",\"position\":3,\"name\":\"Discover the destination\",\"item\":\"https:\/\/www.verdontourisme.com\/en\/bienvenue-sur-le-site-verdontourisme-com-2\/discover-verdon\/discover-destination\/\"},{\"@type\":\"ListItem\",\"position\":4,\"name\":\"Parc national du Mercantour\"}]},{\"@type\":\"WebSite\",\"@id\":\"https:\/\/www.verdontourisme.com\/en\/#website\",\"url\":\"https:\/\/www.verdontourisme.com\/en\/\",\"name\":\"Site officiel Verdon Tourisme\",\"description\":\"Le site touristique officiel du Verdon\",\"publisher\":{\"@id\":\"https:\/\/www.verdontourisme.com\/en\/#organization\"},\"potentialAction\":[{\"@type\":\"SearchAction\",\"target\":{\"@type\":\"EntryPoint\",\"urlTemplate\":\"https:\/\/www.verdontourisme.com\/en\/?s={search_term_string}\"},\"query-input\":{\"@type\":\"PropertyValueSpecification\",\"valueRequired\":true,\"valueName\":\"search_term_string\"}}],\"inLanguage\":\"en-US\"},{\"@type\":\"Organization\",\"@id\":\"https:\/\/www.verdontourisme.com\/en\/#organization\",\"name\":\"Site officiel Verdon Tourisme\",\"url\":\"https:\/\/www.verdontourisme.com\/en\/\",\"logo\":{\"@type\":\"ImageObject\",\"inLanguage\":\"en-US\",\"@id\":\"https:\/\/www.verdontourisme.com\/en\/#\/schema\/logo\/image\/\",\"url\":\"https:\/\/www.verdontourisme.com\/wp-content\/uploads\/2026\/03\/cropped-cropped-VerdonTourisme-logo-inline-v2.png\",\"contentUrl\":\"https:\/\/www.verdontourisme.com\/wp-content\/uploads\/2026\/03\/cropped-cropped-VerdonTourisme-logo-inline-v2.png\",\"width\":646,\"height\":385,\"caption\":\"Site officiel Verdon Tourisme\"},\"image\":{\"@id\":\"https:\/\/www.verdontourisme.com\/en\/#\/schema\/logo\/image\/\"},\"sameAs\":[\"https:\/\/www.facebook.com\/verdontourisme\",\"https:\/\/www.instagram.com\/dessourcesauxgorgesduverdon\/\"]}]}<\/script>\n<!-- \/ Yoast SEO plugin. -->","yoast_head_json":{"title":"Parc national du Mercantour - Verdon Tourisme","description":"Parc national du Mercantour Le parc du Mercantour , parc national est situ\u00e9 dans les Alpes maritimes fran\u00e7aises et s'\u00e9tend sur les d\u00e9partements des Alpes-Maritimes et des Alpes-de-Haute-Provence dans la r\u00e9gion Provence-Alpes-C\u00f4te d'Azur. Il comprend une grande partie de la Vall\u00e9e de l'Ubaye, la Vall\u00e9e de la Tin\u00e9e, la Vall\u00e9e du Var, la Vall\u00e9e de la V\u00e9subie et la Vall\u00e9e de la Roya.","robots":{"index":"index","follow":"follow","max-snippet":"max-snippet:-1","max-image-preview":"max-image-preview:large","max-video-preview":"max-video-preview:-1"},"canonical":"https:\/\/www.verdontourisme.com\/en\/preparer-mon-sejour\/discover-verdon\/discover-destination\/parc-national-du-mercantour\/","og_locale":"en_US","og_type":"article","og_title":"Parc national du Mercantour - Verdon Tourisme","og_description":"Parc national du Mercantour Le parc du Mercantour , parc national est situ\u00e9 dans les Alpes maritimes fran\u00e7aises et s'\u00e9tend sur les d\u00e9partements des Alpes-Maritimes et des Alpes-de-Haute-Provence dans la r\u00e9gion Provence-Alpes-C\u00f4te d'Azur. Il comprend une grande partie de la Vall\u00e9e de l'Ubaye, la Vall\u00e9e de la Tin\u00e9e, la Vall\u00e9e du Var, la Vall\u00e9e de la V\u00e9subie et la Vall\u00e9e de la Roya.","og_url":"https:\/\/www.verdontourisme.com\/en\/preparer-mon-sejour\/discover-verdon\/discover-destination\/parc-national-du-mercantour\/","og_site_name":"Verdon Tourisme","article_publisher":"https:\/\/www.facebook.com\/verdontourisme","article_modified_time":"2026-04-22T13:30:09+00:00","og_image":[{"width":2400,"height":1350,"url":"https:\/\/www.verdontourisme.com\/wp-content\/uploads\/2026\/04\/Parc-national-du-Mercantour-\u00a9Philippe-Murtas-1.jpg","type":"image\/jpeg"}],"twitter_card":"summary_large_image","schema":{"@context":"https:\/\/schema.org","@graph":[{"@type":"WebPage","@id":"https:\/\/www.verdontourisme.com\/en\/preparer-mon-sejour\/discover-verdon\/discover-destination\/parc-national-du-mercantour\/","url":"https:\/\/www.verdontourisme.com\/en\/preparer-mon-sejour\/discover-verdon\/discover-destination\/parc-national-du-mercantour\/","name":"Parc national du Mercantour - Verdon Tourisme","isPartOf":{"@id":"https:\/\/www.verdontourisme.com\/en\/#website"},"primaryImageOfPage":{"@id":"https:\/\/www.verdontourisme.com\/en\/preparer-mon-sejour\/discover-verdon\/discover-destination\/parc-national-du-mercantour\/#primaryimage"},"image":{"@id":"https:\/\/www.verdontourisme.com\/en\/preparer-mon-sejour\/discover-verdon\/discover-destination\/parc-national-du-mercantour\/#primaryimage"},"thumbnailUrl":"https:\/\/www.verdontourisme.com\/wp-content\/uploads\/2026\/04\/Parc-national-du-Mercantour-\u00a9Philippe-Murtas-1.jpg","datePublished":"2023-02-24T15:42:08+00:00","dateModified":"2026-04-22T13:30:09+00:00","description":"Parc national du Mercantour Le parc du Mercantour , parc national est situ\u00e9 dans les Alpes maritimes fran\u00e7aises et s'\u00e9tend sur les d\u00e9partements des Alpes-Maritimes et des Alpes-de-Haute-Provence dans la r\u00e9gion Provence-Alpes-C\u00f4te d'Azur. Il comprend une grande partie de la Vall\u00e9e de l'Ubaye, la Vall\u00e9e de la Tin\u00e9e, la Vall\u00e9e du Var, la Vall\u00e9e de la V\u00e9subie et la Vall\u00e9e de la Roya.","breadcrumb":{"@id":"https:\/\/www.verdontourisme.com\/en\/preparer-mon-sejour\/discover-verdon\/discover-destination\/parc-national-du-mercantour\/#breadcrumb"},"inLanguage":"en-US","potentialAction":[{"@type":"ReadAction","target":["https:\/\/www.verdontourisme.com\/en\/preparer-mon-sejour\/discover-verdon\/discover-destination\/parc-national-du-mercantour\/"]}]},{"@type":"ImageObject","inLanguage":"en-US","@id":"https:\/\/www.verdontourisme.com\/en\/preparer-mon-sejour\/discover-verdon\/discover-destination\/parc-national-du-mercantour\/#primaryimage","url":"https:\/\/www.verdontourisme.com\/wp-content\/uploads\/2026\/04\/Parc-national-du-Mercantour-\u00a9Philippe-Murtas-1.jpg","contentUrl":"https:\/\/www.verdontourisme.com\/wp-content\/uploads\/2026\/04\/Parc-national-du-Mercantour-\u00a9Philippe-Murtas-1.jpg","width":2400,"height":1350,"caption":"Parc national du Mercantour - \u00a9Philippe Murtas"},{"@type":"BreadcrumbList","@id":"https:\/\/www.verdontourisme.com\/en\/preparer-mon-sejour\/discover-verdon\/discover-destination\/parc-national-du-mercantour\/#breadcrumb","itemListElement":[{"@type":"ListItem","position":1,"name":"Home","item":"https:\/\/www.verdontourisme.com\/en\/"},{"@type":"ListItem","position":2,"name":"Discover the Verdon","item":"https:\/\/www.verdontourisme.com\/en\/bienvenue-sur-le-site-verdontourisme-com-2\/discover-verdon\/"},{"@type":"ListItem","position":3,"name":"Discover the destination","item":"https:\/\/www.verdontourisme.com\/en\/bienvenue-sur-le-site-verdontourisme-com-2\/discover-verdon\/discover-destination\/"},{"@type":"ListItem","position":4,"name":"Parc national du Mercantour"}]},{"@type":"WebSite","@id":"https:\/\/www.verdontourisme.com\/en\/#website","url":"https:\/\/www.verdontourisme.com\/en\/","name":"Site officiel Verdon Tourisme","description":"Le site touristique officiel du Verdon","publisher":{"@id":"https:\/\/www.verdontourisme.com\/en\/#organization"},"potentialAction":[{"@type":"SearchAction","target":{"@type":"EntryPoint","urlTemplate":"https:\/\/www.verdontourisme.com\/en\/?s={search_term_string}"},"query-input":{"@type":"PropertyValueSpecification","valueRequired":true,"valueName":"search_term_string"}}],"inLanguage":"en-US"},{"@type":"Organization","@id":"https:\/\/www.verdontourisme.com\/en\/#organization","name":"Site officiel Verdon Tourisme","url":"https:\/\/www.verdontourisme.com\/en\/","logo":{"@type":"ImageObject","inLanguage":"en-US","@id":"https:\/\/www.verdontourisme.com\/en\/#\/schema\/logo\/image\/","url":"https:\/\/www.verdontourisme.com\/wp-content\/uploads\/2026\/03\/cropped-cropped-VerdonTourisme-logo-inline-v2.png","contentUrl":"https:\/\/www.verdontourisme.com\/wp-content\/uploads\/2026\/03\/cropped-cropped-VerdonTourisme-logo-inline-v2.png","width":646,"height":385,"caption":"Site officiel Verdon Tourisme"},"image":{"@id":"https:\/\/www.verdontourisme.com\/en\/#\/schema\/logo\/image\/"},"sameAs":["https:\/\/www.facebook.com\/verdontourisme","https:\/\/www.instagram.com\/dessourcesauxgorgesduverdon\/"]}]}},"publishpress_future_action":{"enabled":false,"date":"2026-05-13 17:25:46","action":"change-status","newStatus":"draft","terms":[],"taxonomy":"translation_priority","extraData":[]},"publishpress_future_workflow_manual_trigger":{"enabledWorkflows":[]},"_links":{"self":[{"href":"https:\/\/www.verdontourisme.com\/en\/wp-json\/wp\/v2\/pages\/55219","targetHints":{"allow":["GET"]}}],"collection":[{"href":"https:\/\/www.verdontourisme.com\/en\/wp-json\/wp\/v2\/pages"}],"about":[{"href":"https:\/\/www.verdontourisme.com\/en\/wp-json\/wp\/v2\/types\/page"}],"author":[{"embeddable":true,"href":"https:\/\/www.verdontourisme.com\/en\/wp-json\/wp\/v2\/users\/5"}],"replies":[{"embeddable":true,"href":"https:\/\/www.verdontourisme.com\/en\/wp-json\/wp\/v2\/comments?post=55219"}],"version-history":[{"count":8,"href":"https:\/\/www.verdontourisme.com\/en\/wp-json\/wp\/v2\/pages\/55219\/revisions"}],"predecessor-version":[{"id":78937,"href":"https:\/\/www.verdontourisme.com\/en\/wp-json\/wp\/v2\/pages\/55219\/revisions\/78937"}],"up":[{"embeddable":true,"href":"https:\/\/www.verdontourisme.com\/en\/wp-json\/wp\/v2\/pages\/53519"}],"wp:featuredmedia":[{"embeddable":true,"href":"https:\/\/www.verdontourisme.com\/en\/wp-json\/wp\/v2\/media\/115205"}],"wp:attachment":[{"href":"https:\/\/www.verdontourisme.com\/en\/wp-json\/wp\/v2\/media?parent=55219"}],"wp:term":[{"taxonomy":"folder","embeddable":true,"href":"https:\/\/www.verdontourisme.com\/en\/wp-json\/wp\/v2\/folder?post=55219"}],"curies":[{"name":"wp","href":"https:\/\/api.w.org\/{rel}","templated":true}]}}