{"id":57365,"date":"2023-03-28T09:16:49","date_gmt":"2023-03-28T09:16:49","guid":{"rendered":"https:\/\/www.verdontourisme.com\/alpes-verdon-tour\/"},"modified":"2023-08-23T13:22:54","modified_gmt":"2023-08-23T13:22:54","slug":"alpes-verdon-tour","status":"publish","type":"page","link":"https:\/\/www.verdontourisme.com\/it\/alpes-verdon-tour\/","title":{"rendered":"Tour delle Alpi del Verdon"},"content":{"rendered":"","protected":false},"excerpt":{"rendered":"","protected":false},"author":5,"featured_media":42263,"parent":0,"menu_order":383,"comment_status":"closed","ping_status":"closed","template":"","meta":{"_acf_changed":false,"footnotes":""},"class_list":["post-57365","page","type-page","status-publish","has-post-thumbnail","hentry"],"acf":[],"yoast_head":"<!-- This site is optimized with the Yoast SEO plugin v26.7 - https:\/\/yoast.com\/wordpress\/plugins\/seo\/ -->\n<title>Tour delle Alpi del Verdon - Verdon Tourisme<\/title>\n<meta name=\"description\" content=\"Il Tour delle Alpi del Verdon \u00e8 una competizione ciclosportiva organizzata dal 2021 con partenza dal villaggio di Castellane.\" \/>\n<meta name=\"robots\" content=\"index, follow, max-snippet:-1, max-image-preview:large, max-video-preview:-1\" \/>\n<link rel=\"canonical\" href=\"https:\/\/www.verdontourisme.com\/it\/alpes-verdon-tour\/\" \/>\n<meta property=\"og:locale\" content=\"it_IT\" \/>\n<meta property=\"og:type\" content=\"article\" \/>\n<meta property=\"og:title\" content=\"Tour delle Alpi del Verdon - Verdon Tourisme\" \/>\n<meta property=\"og:description\" content=\"Il Tour delle Alpi del Verdon \u00e8 una competizione ciclosportiva organizzata dal 2021 con partenza dal villaggio di Castellane.\" \/>\n<meta property=\"og:url\" content=\"https:\/\/www.verdontourisme.com\/it\/alpes-verdon-tour\/\" \/>\n<meta property=\"og:site_name\" content=\"Verdon Tourisme\" \/>\n<meta property=\"article:publisher\" content=\"https:\/\/www.facebook.com\/verdontourisme\" \/>\n<meta property=\"article:modified_time\" content=\"2023-08-23T13:22:54+00:00\" \/>\n<meta property=\"og:image\" content=\"https:\/\/www.verdontourisme.com\/wp-content\/uploads\/2023\/03\/trace-de-cyclistes-.jpg\" \/>\n\t<meta property=\"og:image:width\" content=\"1200\" \/>\n\t<meta property=\"og:image:height\" content=\"600\" \/>\n\t<meta property=\"og:image:type\" content=\"image\/jpeg\" \/>\n<meta name=\"twitter:card\" content=\"summary_large_image\" \/>\n<script type=\"application\/ld+json\" class=\"yoast-schema-graph\">{\"@context\":\"https:\/\/schema.org\",\"@graph\":[{\"@type\":\"WebPage\",\"@id\":\"https:\/\/www.verdontourisme.com\/it\/alpes-verdon-tour\/\",\"url\":\"https:\/\/www.verdontourisme.com\/it\/alpes-verdon-tour\/\",\"name\":\"Tour delle Alpi del Verdon - Verdon Tourisme\",\"isPartOf\":{\"@id\":\"https:\/\/www.verdontourisme.com\/it\/#website\"},\"primaryImageOfPage\":{\"@id\":\"https:\/\/www.verdontourisme.com\/it\/alpes-verdon-tour\/#primaryimage\"},\"image\":{\"@id\":\"https:\/\/www.verdontourisme.com\/it\/alpes-verdon-tour\/#primaryimage\"},\"thumbnailUrl\":\"https:\/\/www.verdontourisme.com\/wp-content\/uploads\/2023\/03\/trace-de-cyclistes-.jpg\",\"datePublished\":\"2023-03-28T09:16:49+00:00\",\"dateModified\":\"2023-08-23T13:22:54+00:00\",\"description\":\"Il Tour delle Alpi del Verdon \u00e8 una competizione ciclosportiva organizzata dal 2021 con partenza dal villaggio di Castellane.\",\"breadcrumb\":{\"@id\":\"https:\/\/www.verdontourisme.com\/it\/alpes-verdon-tour\/#breadcrumb\"},\"inLanguage\":\"it-IT\",\"potentialAction\":[{\"@type\":\"ReadAction\",\"target\":[\"https:\/\/www.verdontourisme.com\/it\/alpes-verdon-tour\/\"]}]},{\"@type\":\"ImageObject\",\"inLanguage\":\"it-IT\",\"@id\":\"https:\/\/www.verdontourisme.com\/it\/alpes-verdon-tour\/#primaryimage\",\"url\":\"https:\/\/www.verdontourisme.com\/wp-content\/uploads\/2023\/03\/trace-de-cyclistes-.jpg\",\"contentUrl\":\"https:\/\/www.verdontourisme.com\/wp-content\/uploads\/2023\/03\/trace-de-cyclistes-.jpg\",\"width\":1200,\"height\":600,\"caption\":\"L\u2019Alpes Verdon Tour est une comp\u00e9tition cyclosportive organis\u00e9e depuis 2021 au d\u00e9part du village de Castellane.\"},{\"@type\":\"BreadcrumbList\",\"@id\":\"https:\/\/www.verdontourisme.com\/it\/alpes-verdon-tour\/#breadcrumb\",\"itemListElement\":[{\"@type\":\"ListItem\",\"position\":1,\"name\":\"Home\",\"item\":\"https:\/\/www.verdontourisme.com\/it\/\"},{\"@type\":\"ListItem\",\"position\":2,\"name\":\"Tour delle Alpi del Verdon\"}]},{\"@type\":\"WebSite\",\"@id\":\"https:\/\/www.verdontourisme.com\/it\/#website\",\"url\":\"https:\/\/www.verdontourisme.com\/it\/\",\"name\":\"Site officiel Verdon Tourisme\",\"description\":\"Le site touristique officiel du Verdon\",\"publisher\":{\"@id\":\"https:\/\/www.verdontourisme.com\/it\/#organization\"},\"potentialAction\":[{\"@type\":\"SearchAction\",\"target\":{\"@type\":\"EntryPoint\",\"urlTemplate\":\"https:\/\/www.verdontourisme.com\/it\/?s={search_term_string}\"},\"query-input\":{\"@type\":\"PropertyValueSpecification\",\"valueRequired\":true,\"valueName\":\"search_term_string\"}}],\"inLanguage\":\"it-IT\"},{\"@type\":\"Organization\",\"@id\":\"https:\/\/www.verdontourisme.com\/it\/#organization\",\"name\":\"Site officiel Verdon Tourisme\",\"url\":\"https:\/\/www.verdontourisme.com\/it\/\",\"logo\":{\"@type\":\"ImageObject\",\"inLanguage\":\"it-IT\",\"@id\":\"https:\/\/www.verdontourisme.com\/it\/#\/schema\/logo\/image\/\",\"url\":\"https:\/\/www.verdontourisme.com\/wp-content\/uploads\/2026\/03\/cropped-cropped-VerdonTourisme-logo-inline-v2.png\",\"contentUrl\":\"https:\/\/www.verdontourisme.com\/wp-content\/uploads\/2026\/03\/cropped-cropped-VerdonTourisme-logo-inline-v2.png\",\"width\":646,\"height\":385,\"caption\":\"Site officiel Verdon Tourisme\"},\"image\":{\"@id\":\"https:\/\/www.verdontourisme.com\/it\/#\/schema\/logo\/image\/\"},\"sameAs\":[\"https:\/\/www.facebook.com\/verdontourisme\",\"https:\/\/www.instagram.com\/dessourcesauxgorgesduverdon\/\"]}]}<\/script>\n<!-- \/ Yoast SEO plugin. -->","yoast_head_json":{"title":"Tour delle Alpi del Verdon - Verdon Tourisme","description":"Il Tour delle Alpi del Verdon \u00e8 una competizione ciclosportiva organizzata dal 2021 con partenza dal villaggio di Castellane.","robots":{"index":"index","follow":"follow","max-snippet":"max-snippet:-1","max-image-preview":"max-image-preview:large","max-video-preview":"max-video-preview:-1"},"canonical":"https:\/\/www.verdontourisme.com\/it\/alpes-verdon-tour\/","og_locale":"it_IT","og_type":"article","og_title":"Tour delle Alpi del Verdon - Verdon Tourisme","og_description":"Il Tour delle Alpi del Verdon \u00e8 una competizione ciclosportiva organizzata dal 2021 con partenza dal villaggio di Castellane.","og_url":"https:\/\/www.verdontourisme.com\/it\/alpes-verdon-tour\/","og_site_name":"Verdon Tourisme","article_publisher":"https:\/\/www.facebook.com\/verdontourisme","article_modified_time":"2023-08-23T13:22:54+00:00","og_image":[{"width":1200,"height":600,"url":"https:\/\/www.verdontourisme.com\/wp-content\/uploads\/2023\/03\/trace-de-cyclistes-.jpg","type":"image\/jpeg"}],"twitter_card":"summary_large_image","schema":{"@context":"https:\/\/schema.org","@graph":[{"@type":"WebPage","@id":"https:\/\/www.verdontourisme.com\/it\/alpes-verdon-tour\/","url":"https:\/\/www.verdontourisme.com\/it\/alpes-verdon-tour\/","name":"Tour delle Alpi del Verdon - Verdon Tourisme","isPartOf":{"@id":"https:\/\/www.verdontourisme.com\/it\/#website"},"primaryImageOfPage":{"@id":"https:\/\/www.verdontourisme.com\/it\/alpes-verdon-tour\/#primaryimage"},"image":{"@id":"https:\/\/www.verdontourisme.com\/it\/alpes-verdon-tour\/#primaryimage"},"thumbnailUrl":"https:\/\/www.verdontourisme.com\/wp-content\/uploads\/2023\/03\/trace-de-cyclistes-.jpg","datePublished":"2023-03-28T09:16:49+00:00","dateModified":"2023-08-23T13:22:54+00:00","description":"Il Tour delle Alpi del Verdon \u00e8 una competizione ciclosportiva organizzata dal 2021 con partenza dal villaggio di Castellane.","breadcrumb":{"@id":"https:\/\/www.verdontourisme.com\/it\/alpes-verdon-tour\/#breadcrumb"},"inLanguage":"it-IT","potentialAction":[{"@type":"ReadAction","target":["https:\/\/www.verdontourisme.com\/it\/alpes-verdon-tour\/"]}]},{"@type":"ImageObject","inLanguage":"it-IT","@id":"https:\/\/www.verdontourisme.com\/it\/alpes-verdon-tour\/#primaryimage","url":"https:\/\/www.verdontourisme.com\/wp-content\/uploads\/2023\/03\/trace-de-cyclistes-.jpg","contentUrl":"https:\/\/www.verdontourisme.com\/wp-content\/uploads\/2023\/03\/trace-de-cyclistes-.jpg","width":1200,"height":600,"caption":"L\u2019Alpes Verdon Tour est une comp\u00e9tition cyclosportive organis\u00e9e depuis 2021 au d\u00e9part du village de Castellane."},{"@type":"BreadcrumbList","@id":"https:\/\/www.verdontourisme.com\/it\/alpes-verdon-tour\/#breadcrumb","itemListElement":[{"@type":"ListItem","position":1,"name":"Home","item":"https:\/\/www.verdontourisme.com\/it\/"},{"@type":"ListItem","position":2,"name":"Tour delle Alpi del Verdon"}]},{"@type":"WebSite","@id":"https:\/\/www.verdontourisme.com\/it\/#website","url":"https:\/\/www.verdontourisme.com\/it\/","name":"Site officiel Verdon Tourisme","description":"Le site touristique officiel du Verdon","publisher":{"@id":"https:\/\/www.verdontourisme.com\/it\/#organization"},"potentialAction":[{"@type":"SearchAction","target":{"@type":"EntryPoint","urlTemplate":"https:\/\/www.verdontourisme.com\/it\/?s={search_term_string}"},"query-input":{"@type":"PropertyValueSpecification","valueRequired":true,"valueName":"search_term_string"}}],"inLanguage":"it-IT"},{"@type":"Organization","@id":"https:\/\/www.verdontourisme.com\/it\/#organization","name":"Site officiel Verdon Tourisme","url":"https:\/\/www.verdontourisme.com\/it\/","logo":{"@type":"ImageObject","inLanguage":"it-IT","@id":"https:\/\/www.verdontourisme.com\/it\/#\/schema\/logo\/image\/","url":"https:\/\/www.verdontourisme.com\/wp-content\/uploads\/2026\/03\/cropped-cropped-VerdonTourisme-logo-inline-v2.png","contentUrl":"https:\/\/www.verdontourisme.com\/wp-content\/uploads\/2026\/03\/cropped-cropped-VerdonTourisme-logo-inline-v2.png","width":646,"height":385,"caption":"Site officiel Verdon Tourisme"},"image":{"@id":"https:\/\/www.verdontourisme.com\/it\/#\/schema\/logo\/image\/"},"sameAs":["https:\/\/www.facebook.com\/verdontourisme","https:\/\/www.instagram.com\/dessourcesauxgorgesduverdon\/"]}]}},"publishpress_future_action":{"enabled":false,"date":"2026-04-16 09:04:53","action":"change-status","newStatus":"draft","terms":[],"taxonomy":"translation_priority","extraData":[]},"publishpress_future_workflow_manual_trigger":{"enabledWorkflows":[]},"_links":{"self":[{"href":"https:\/\/www.verdontourisme.com\/it\/wp-json\/wp\/v2\/pages\/57365","targetHints":{"allow":["GET"]}}],"collection":[{"href":"https:\/\/www.verdontourisme.com\/it\/wp-json\/wp\/v2\/pages"}],"about":[{"href":"https:\/\/www.verdontourisme.com\/it\/wp-json\/wp\/v2\/types\/page"}],"author":[{"embeddable":true,"href":"https:\/\/www.verdontourisme.com\/it\/wp-json\/wp\/v2\/users\/5"}],"replies":[{"embeddable":true,"href":"https:\/\/www.verdontourisme.com\/it\/wp-json\/wp\/v2\/comments?post=57365"}],"version-history":[{"count":4,"href":"https:\/\/www.verdontourisme.com\/it\/wp-json\/wp\/v2\/pages\/57365\/revisions"}],"predecessor-version":[{"id":62149,"href":"https:\/\/www.verdontourisme.com\/it\/wp-json\/wp\/v2\/pages\/57365\/revisions\/62149"}],"wp:featuredmedia":[{"embeddable":true,"href":"https:\/\/www.verdontourisme.com\/it\/wp-json\/wp\/v2\/media\/42263"}],"wp:attachment":[{"href":"https:\/\/www.verdontourisme.com\/it\/wp-json\/wp\/v2\/media?parent=57365"}],"curies":[{"name":"wp","href":"https:\/\/api.w.org\/{rel}","templated":true}]}}